{"id":214,"date":"2026-01-26T16:45:04","date_gmt":"2026-01-26T16:45:04","guid":{"rendered":"https:\/\/www.wellventura.de\/blog\/?page_id=214"},"modified":"2026-03-09T10:28:14","modified_gmt":"2026-03-09T10:28:14","slug":"impressum","status":"publish","type":"page","link":"https:\/\/www.wellventura.de\/blog\/impressum\/","title":{"rendered":"Impressum"},"content":{"rendered":"\n<p>Wellventura<br>Im Hinterdorf 4<br>D-79585 Steinen<br>Deutschland<br>E-Mail: info (at) wellventura.de<\/p>\n\n\n\n<h2 class=\"wp-block-heading\">Verantwortlich f\u00fcr den Inhalt nach \u00a7 18 Abs. 2 MStV<\/h2>\n\n\n\n<p>Linda Schober<br>Sybille R\u00f6der<br>Anschrift:<br>Im Hinterdorf 4<br>D-79585 Steinen<br>Deutschland<\/p>\n\n\n\n<h2 class=\"wp-block-heading\">Haftung f\u00fcr Links<\/h2>\n\n\n\n<p>Unsere Website enth\u00e4lt Links zu externen Websites Dritter, auf deren Inhalte wir keinen Einfluss haben. Zum Zeitpunkt der Verlinkung wurden die externen Inhalte auf m\u00f6gliche Rechtsverst\u00f6\u00dfe \u00fcberpr\u00fcft. Bei Bekanntwerden von Rechtsverletzungen werden derartige Links umgehend entfernt.<\/p>\n\n\n\n<h2 class=\"wp-block-heading\">Online-Streitbeilegung \/ Verbraucherschlichtung<\/h2>\n\n\n\n<p>Die Europ\u00e4ische Kommission stellt eine Plattform zur Online-Streitbeilegung (OS) bereit: <a href=\"https:\/\/ec.europa.eu\/consumers\/odr\">https:\/\/ec.europa.eu\/consumers\/odr<\/a><br>Wellventura ist nicht verpflichtet und nicht bereit, an Streitbeilegungsverfahren vor einer Verbraucherschlichtungsstelle teilzunehmen.<\/p>\n\n\n\n<h2 class=\"wp-block-heading\">Softwarelizenzen<\/h2>\n\n\n\n<p>Wir benutzen Icons von&nbsp;<a href=\"https:\/\/www.flaticon.com\/free-icons\/mail\">flaticon.com<\/a>.<\/p>\n\n\n\n<h2 class=\"wp-block-heading\">Bildnachweise<\/h2>\n\n\n\n<p>Bildnachweise Wellventura Magazin Startseite: Bilder 1-3 Symbolbilder KI-generiert mit ChatGPT \/ Hotelzimmer \u00a9Linda Schober \/ Ayurveda Pixabay, Gundula Vogel<br>Bildnachweise Unterseiten siehe entsprechende Notiz auf der jeweiligen Seite.<\/p>\n","protected":false},"excerpt":{"rendered":"<p>WellventuraIm Hinterdorf 4D-79585 SteinenDeutschlandE-Mail: info (at) wellventura.de Verantwortlich f\u00fcr den Inhalt nach \u00a7 18 Abs. 2 MStV Linda SchoberSybille R\u00f6derAnschrift:Im Hinterdorf 4D-79585 SteinenDeutschland Haftung f\u00fcr Links Unsere Website enth\u00e4lt Links zu externen Websites Dritter, auf deren Inhalte wir keinen Einfluss haben. Zum Zeitpunkt der Verlinkung wurden die externen Inhalte auf m\u00f6gliche Rechtsverst\u00f6\u00dfe \u00fcberpr\u00fcft. Bei Bekanntwerden &#8230; <a title=\"Impressum\" class=\"read-more\" href=\"https:\/\/www.wellventura.de\/blog\/impressum\/\" aria-label=\"Mehr Informationen \u00fcber Impressum\">Weiterlesen<\/a><\/p>\n","protected":false},"author":1,"featured_media":0,"parent":0,"menu_order":0,"comment_status":"closed","ping_status":"closed","template":"","meta":{"footnotes":""},"class_list":["post-214","page","type-page","status-publish"],"yoast_head":"<!-- This site is optimized with the Yoast SEO plugin v27.4 - https:\/\/yoast.com\/product\/yoast-seo-wordpress\/ -->\n<title>Impressum von Wellventura<\/title>\n<meta name=\"description\" content=\"Impressum von Wellventura mit Angaben gem\u00e4\u00df \u00a7 5 TMG, Kontaktinformationen sowie rechtlichen Hinweisen zum Anbieter dieser Website.\" \/>\n<meta name=\"robots\" content=\"index, follow, max-snippet:-1, max-image-preview:large, max-video-preview:-1\" \/>\n<link rel=\"canonical\" href=\"https:\/\/www.wellventura.de\/blog\/impressum\/\" \/>\n<meta property=\"og:locale\" content=\"de_DE\" \/>\n<meta property=\"og:type\" content=\"article\" \/>\n<meta property=\"og:title\" content=\"Impressum von Wellventura\" \/>\n<meta property=\"og:description\" content=\"Impressum von Wellventura mit Angaben gem\u00e4\u00df \u00a7 5 TMG, Kontaktinformationen sowie rechtlichen Hinweisen zum Anbieter dieser Website.\" \/>\n<meta property=\"og:url\" content=\"https:\/\/www.wellventura.de\/blog\/impressum\/\" \/>\n<meta property=\"og:site_name\" content=\"Wellventura Magazin\" \/>\n<meta property=\"article:modified_time\" content=\"2026-03-09T10:28:14+00:00\" \/>\n<meta name=\"twitter:card\" content=\"summary_large_image\" \/>\n<meta name=\"twitter:label1\" content=\"Gesch\u00e4tzte Lesezeit\" \/>\n\t<meta name=\"twitter:data1\" content=\"1\u00a0Minute\" \/>\n<script type=\"application\/ld+json\" class=\"yoast-schema-graph\">{\"@context\":\"https:\\\/\\\/schema.org\",\"@graph\":[{\"@type\":\"WebPage\",\"@id\":\"https:\\\/\\\/www.wellventura.de\\\/blog\\\/impressum\\\/\",\"url\":\"https:\\\/\\\/www.wellventura.de\\\/blog\\\/impressum\\\/\",\"name\":\"Impressum von Wellventura\",\"isPartOf\":{\"@id\":\"https:\\\/\\\/www.wellventura.de\\\/blog\\\/#website\"},\"datePublished\":\"2026-01-26T16:45:04+00:00\",\"dateModified\":\"2026-03-09T10:28:14+00:00\",\"description\":\"Impressum von Wellventura mit Angaben gem\u00e4\u00df \u00a7 5 TMG, Kontaktinformationen sowie rechtlichen Hinweisen zum Anbieter dieser Website.\",\"breadcrumb\":{\"@id\":\"https:\\\/\\\/www.wellventura.de\\\/blog\\\/impressum\\\/#breadcrumb\"},\"inLanguage\":\"de\",\"potentialAction\":[{\"@type\":\"ReadAction\",\"target\":[\"https:\\\/\\\/www.wellventura.de\\\/blog\\\/impressum\\\/\"]}]},{\"@type\":\"BreadcrumbList\",\"@id\":\"https:\\\/\\\/www.wellventura.de\\\/blog\\\/impressum\\\/#breadcrumb\",\"itemListElement\":[{\"@type\":\"ListItem\",\"position\":1,\"name\":\"Start\",\"item\":\"https:\\\/\\\/www.wellventura.de\\\/blog\\\/\"},{\"@type\":\"ListItem\",\"position\":2,\"name\":\"Impressum\"}]},{\"@type\":\"WebSite\",\"@id\":\"https:\\\/\\\/www.wellventura.de\\\/blog\\\/#website\",\"url\":\"https:\\\/\\\/www.wellventura.de\\\/blog\\\/\",\"name\":\"Wellventura Magazin\",\"description\":\"Wellness-, Genuss- und Aktivreisen in Deutschland und Europa. Reiseberichte, Reisetipps und Bestenlisten.\",\"publisher\":{\"@id\":\"https:\\\/\\\/www.wellventura.de\\\/blog\\\/#organization\"},\"potentialAction\":[{\"@type\":\"SearchAction\",\"target\":{\"@type\":\"EntryPoint\",\"urlTemplate\":\"https:\\\/\\\/www.wellventura.de\\\/blog\\\/?s={search_term_string}\"},\"query-input\":{\"@type\":\"PropertyValueSpecification\",\"valueRequired\":true,\"valueName\":\"search_term_string\"}}],\"inLanguage\":\"de\"},{\"@type\":\"Organization\",\"@id\":\"https:\\\/\\\/www.wellventura.de\\\/blog\\\/#organization\",\"name\":\"Wellventura Magazin\",\"url\":\"https:\\\/\\\/www.wellventura.de\\\/blog\\\/\",\"logo\":{\"@type\":\"ImageObject\",\"inLanguage\":\"de\",\"@id\":\"https:\\\/\\\/www.wellventura.de\\\/blog\\\/#\\\/schema\\\/logo\\\/image\\\/\",\"url\":\"https:\\\/\\\/www.wellventura.de\\\/blog\\\/wp-content\\\/uploads\\\/2026\\\/01\\\/Logo_quer-1.png\",\"contentUrl\":\"https:\\\/\\\/www.wellventura.de\\\/blog\\\/wp-content\\\/uploads\\\/2026\\\/01\\\/Logo_quer-1.png\",\"width\":1500,\"height\":500,\"caption\":\"Wellventura Magazin\"},\"image\":{\"@id\":\"https:\\\/\\\/www.wellventura.de\\\/blog\\\/#\\\/schema\\\/logo\\\/image\\\/\"}}]}<\/script>\n<!-- \/ Yoast SEO plugin. -->","yoast_head_json":{"title":"Impressum von Wellventura","description":"Impressum von Wellventura mit Angaben gem\u00e4\u00df \u00a7 5 TMG, Kontaktinformationen sowie rechtlichen Hinweisen zum Anbieter dieser Website.","robots":{"index":"index","follow":"follow","max-snippet":"max-snippet:-1","max-image-preview":"max-image-preview:large","max-video-preview":"max-video-preview:-1"},"canonical":"https:\/\/www.wellventura.de\/blog\/impressum\/","og_locale":"de_DE","og_type":"article","og_title":"Impressum von Wellventura","og_description":"Impressum von Wellventura mit Angaben gem\u00e4\u00df \u00a7 5 TMG, Kontaktinformationen sowie rechtlichen Hinweisen zum Anbieter dieser Website.","og_url":"https:\/\/www.wellventura.de\/blog\/impressum\/","og_site_name":"Wellventura Magazin","article_modified_time":"2026-03-09T10:28:14+00:00","twitter_card":"summary_large_image","twitter_misc":{"Gesch\u00e4tzte Lesezeit":"1\u00a0Minute"},"schema":{"@context":"https:\/\/schema.org","@graph":[{"@type":"WebPage","@id":"https:\/\/www.wellventura.de\/blog\/impressum\/","url":"https:\/\/www.wellventura.de\/blog\/impressum\/","name":"Impressum von Wellventura","isPartOf":{"@id":"https:\/\/www.wellventura.de\/blog\/#website"},"datePublished":"2026-01-26T16:45:04+00:00","dateModified":"2026-03-09T10:28:14+00:00","description":"Impressum von Wellventura mit Angaben gem\u00e4\u00df \u00a7 5 TMG, Kontaktinformationen sowie rechtlichen Hinweisen zum Anbieter dieser Website.","breadcrumb":{"@id":"https:\/\/www.wellventura.de\/blog\/impressum\/#breadcrumb"},"inLanguage":"de","potentialAction":[{"@type":"ReadAction","target":["https:\/\/www.wellventura.de\/blog\/impressum\/"]}]},{"@type":"BreadcrumbList","@id":"https:\/\/www.wellventura.de\/blog\/impressum\/#breadcrumb","itemListElement":[{"@type":"ListItem","position":1,"name":"Start","item":"https:\/\/www.wellventura.de\/blog\/"},{"@type":"ListItem","position":2,"name":"Impressum"}]},{"@type":"WebSite","@id":"https:\/\/www.wellventura.de\/blog\/#website","url":"https:\/\/www.wellventura.de\/blog\/","name":"Wellventura Magazin","description":"Wellness-, Genuss- und Aktivreisen in Deutschland und Europa. Reiseberichte, Reisetipps und Bestenlisten.","publisher":{"@id":"https:\/\/www.wellventura.de\/blog\/#organization"},"potentialAction":[{"@type":"SearchAction","target":{"@type":"EntryPoint","urlTemplate":"https:\/\/www.wellventura.de\/blog\/?s={search_term_string}"},"query-input":{"@type":"PropertyValueSpecification","valueRequired":true,"valueName":"search_term_string"}}],"inLanguage":"de"},{"@type":"Organization","@id":"https:\/\/www.wellventura.de\/blog\/#organization","name":"Wellventura Magazin","url":"https:\/\/www.wellventura.de\/blog\/","logo":{"@type":"ImageObject","inLanguage":"de","@id":"https:\/\/www.wellventura.de\/blog\/#\/schema\/logo\/image\/","url":"https:\/\/www.wellventura.de\/blog\/wp-content\/uploads\/2026\/01\/Logo_quer-1.png","contentUrl":"https:\/\/www.wellventura.de\/blog\/wp-content\/uploads\/2026\/01\/Logo_quer-1.png","width":1500,"height":500,"caption":"Wellventura Magazin"},"image":{"@id":"https:\/\/www.wellventura.de\/blog\/#\/schema\/logo\/image\/"}}]}},"_links":{"self":[{"href":"https:\/\/www.wellventura.de\/blog\/wp-json\/wp\/v2\/pages\/214","targetHints":{"allow":["GET"]}}],"collection":[{"href":"https:\/\/www.wellventura.de\/blog\/wp-json\/wp\/v2\/pages"}],"about":[{"href":"https:\/\/www.wellventura.de\/blog\/wp-json\/wp\/v2\/types\/page"}],"author":[{"embeddable":true,"href":"https:\/\/www.wellventura.de\/blog\/wp-json\/wp\/v2\/users\/1"}],"replies":[{"embeddable":true,"href":"https:\/\/www.wellventura.de\/blog\/wp-json\/wp\/v2\/comments?post=214"}],"version-history":[{"count":8,"href":"https:\/\/www.wellventura.de\/blog\/wp-json\/wp\/v2\/pages\/214\/revisions"}],"predecessor-version":[{"id":1727,"href":"https:\/\/www.wellventura.de\/blog\/wp-json\/wp\/v2\/pages\/214\/revisions\/1727"}],"wp:attachment":[{"href":"https:\/\/www.wellventura.de\/blog\/wp-json\/wp\/v2\/media?parent=214"}],"curies":[{"name":"wp","href":"https:\/\/api.w.org\/{rel}","templated":true}]}}